{"id":32,"date":"2020-01-27T12:35:23","date_gmt":"2020-01-27T12:35:23","guid":{"rendered":"https:\/\/passiebloem.nl\/new\/?page_id=32"},"modified":"2020-02-07T10:26:21","modified_gmt":"2020-02-07T10:26:21","slug":"special-offer","status":"publish","type":"page","link":"https:\/\/passiebloem.nl\/?page_id=32","title":{"rendered":"Special Offer"},"content":{"rendered":"\n<h3 class=\"wp-block-heading\">Passiflora &#8216;Purple Rain&#8217; M\u00c1XIMA<\/h3>\n\n\n\n<p><strong>Verzorging &#8211; Pflege &#8211; Care &#8211; Soins<\/strong><\/p>\n\n\n\n<p><strong>Verzorging<\/strong>: Veel \nlicht, mag direct zonlicht hebben. Veel water tijdens de groei, &#8216;s \nwinters matig, niet laten uitdrogen. Regelmatig bijmesten. Redelijk \nwinterhard, rijke bloei en heerlijke geur.<\/p>\n\n\n\n<div class=\"wp-block-image\"><figure class=\"alignright size-large\"><img loading=\"lazy\" decoding=\"async\" width=\"150\" height=\"168\" src=\"https:\/\/passiebloem.nl\/wp-content\/uploads\/2020\/02\/label_1.jpg\" alt=\"\" class=\"wp-image-291\" srcset=\"https:\/\/passiebloem.nl\/wp-content\/uploads\/2020\/02\/label_1.jpg 150w, https:\/\/passiebloem.nl\/wp-content\/uploads\/2020\/02\/label_1-120x134.jpg 120w\" sizes=\"auto, (max-width: 150px) 100vw, 150px\" \/><\/figure><\/div>\n\n\n\n<p><strong>Pflege<\/strong>: Viel licht, vertr\u00e4gt direkte sonne. Reichlich giessen im     sommer,  sparsam im winter, darf nicht austrocknen. Regelm\u00e4ssig d\u00fcngen. Ziemlich  winterhart, reiche bl\u00fcte und herrlicher duft.<br><br><strong>Care<\/strong>:  Much light, can stand direct sunlight. Water amply in summer,      slightly in winter,&nbsp; must not dry up. Fertilize frequently. Fairly  hardy,     abundant flowering and lovely fragrance.<br><br><strong>Soins<\/strong>:  Beaucoup de lumi\u00e9re, supporte la lumi\u00e9re directe du soleil.     Arroser  abondamment en \u00e9t\u00e9, r\u00e9duire en hiver \u00e9viter edess\u00e8chement. Fumer r\u00e9guli\u00e8rement. Assez vivace, floraison abondante et odeur exquise. <\/p>\n\n\n\n<p><strong> Speciale aanbieding &#8211; Special Offer <\/strong><\/p>\n\n\n\n<p><strong> 4-Plantenspecial keuze uit:<\/strong><\/p>\n\n\n\n<ul class=\"wp-block-list\"><li>p.&#8221;Purple Rain Maxima&#8221; ,<\/li><li>p.caerulea  ,<\/li><li>p.&#8221;Constance Eliott&#8221;<\/li><li>p.&#8221;Incense&#8221; <\/li><\/ul>\n\n\n\n<p>(alle redelijk tot winterhard) <br>Ook voor Euro 15,- (excl.p\/p verzending euro 5,- voor NL en Belgie) <\/p>\n\n\n\n<p>Betaling geschied d.m.v. vooruitbetaling op rekeningnummer: 4725 57807 tnv NCP &#8211; C. Laurens te Heinkenszand   <\/p>\n","protected":false},"excerpt":{"rendered":"Passiflora &#8216;Purple Rain&#8217; M\u00c1XIMA Verzorging &#8211; Pflege &#8211; Care &#8211; Soins Verzorging: Veel licht, mag direct zonlicht hebben. Veel water tijdens de groei, &#8216;s winters matig, niet laten uitdrogen. Regelmatig&#8230; <div class=\"excerpt\"> <a class=\"view-article\" href=\"https:\/\/passiebloem.nl\/?page_id=32\">Meer over dit onderwerp <i class=\"fas fa-long-arrow-alt-right\"><\/i><\/a> <\/div>","protected":false},"author":1,"featured_media":66,"parent":0,"menu_order":0,"comment_status":"closed","ping_status":"closed","template":"","meta":{"footnotes":""},"class_list":["post-32","page","type-page","status-publish","has-post-thumbnail","hentry"],"_links":{"self":[{"href":"https:\/\/passiebloem.nl\/index.php?rest_route=\/wp\/v2\/pages\/32","targetHints":{"allow":["GET"]}}],"collection":[{"href":"https:\/\/passiebloem.nl\/index.php?rest_route=\/wp\/v2\/pages"}],"about":[{"href":"https:\/\/passiebloem.nl\/index.php?rest_route=\/wp\/v2\/types\/page"}],"author":[{"embeddable":true,"href":"https:\/\/passiebloem.nl\/index.php?rest_route=\/wp\/v2\/users\/1"}],"replies":[{"embeddable":true,"href":"https:\/\/passiebloem.nl\/index.php?rest_route=%2Fwp%2Fv2%2Fcomments&post=32"}],"version-history":[{"count":9,"href":"https:\/\/passiebloem.nl\/index.php?rest_route=\/wp\/v2\/pages\/32\/revisions"}],"predecessor-version":[{"id":529,"href":"https:\/\/passiebloem.nl\/index.php?rest_route=\/wp\/v2\/pages\/32\/revisions\/529"}],"wp:featuredmedia":[{"embeddable":true,"href":"https:\/\/passiebloem.nl\/index.php?rest_route=\/wp\/v2\/media\/66"}],"wp:attachment":[{"href":"https:\/\/passiebloem.nl\/index.php?rest_route=%2Fwp%2Fv2%2Fmedia&parent=32"}],"curies":[{"name":"wp","href":"https:\/\/api.w.org\/{rel}","templated":true}]}}